{"id":2307,"date":"2025-09-24T17:21:32","date_gmt":"2025-09-24T14:21:32","guid":{"rendered":"https:\/\/atafidancilik.com\/demo\/?post_type=product&#038;p=2307"},"modified":"2025-09-24T17:21:38","modified_gmt":"2025-09-24T14:21:38","slug":"kordia","status":"publish","type":"product","link":"https:\/\/atafidancilik.com\/demo\/urun\/kordia\/","title":{"rendered":"Kordia"},"content":{"rendered":"","protected":false},"excerpt":{"rendered":"<table style=\"width: 100%;\">\n<tbody>\n<tr>\n<td style=\"width: 22.88%;\"><strong>Men\u015fei:<\/strong><\/td>\n<td style=\"width: 76.96%;\">\u00a0\u00c7ek Cumhuriyeti<\/td>\n<\/tr>\n<tr>\n<td style=\"width: 22.88%;\"><strong>A\u011fa\u00e7 \u00d6zellikleri:<\/strong><\/td>\n<td style=\"width: 76.96%;\">\u00a0Yar\u0131 dik geli\u015fim g\u00f6sterir.<\/td>\n<\/tr>\n<tr>\n<td style=\"width: 22.88%;\"><strong>Meyve \u00d6zellikleri:<\/strong><\/td>\n<td style=\"width: 76.96%;\">\u00a0\u0130ri, tatl\u0131 ve sert meyve yap\u0131s\u0131na sahiptir.<\/td>\n<\/tr>\n<tr>\n<td style=\"width: 22.88%;\"><strong>Tozlay\u0131c\u0131lar\u0131: <\/strong><\/td>\n<td style=\"width: 76.96%;\">\u00a0Regina, Karina<\/td>\n<\/tr>\n<tr>\n<td style=\"width: 22.88%;\"><strong>Hasat Zaman\u0131: <\/strong><\/td>\n<td style=\"width: 76.96%;\">\u00a013-19 Haziran<\/td>\n<\/tr>\n<tr>\n<td style=\"width: 22.88%;\"><strong>A\u00e7\u0131klama:<\/strong><\/td>\n<td style=\"width: 76.96%;\">\u00a0Kiraz t\u00fcrleri aras\u0131nda hasat sonras\u0131 mekanik zararlanmaya kar\u015f\u0131 mukavemeti en fazla olan, bordo renkli \u00e7e\u015fittir.<\/td>\n<\/tr>\n<\/tbody>\n<\/table>\n","protected":false},"featured_media":1222,"template":"","meta":[],"product_brand":[],"product_cat":[97],"product_tag":[],"class_list":{"0":"post-2307","1":"product","2":"type-product","3":"status-publish","4":"has-post-thumbnail","6":"product_cat-kiraz-fidani","8":"first","9":"instock","10":"shipping-taxable","11":"product-type-simple"},"_links":{"self":[{"href":"https:\/\/atafidancilik.com\/demo\/wp-json\/wp\/v2\/product\/2307","targetHints":{"allow":["GET"]}}],"collection":[{"href":"https:\/\/atafidancilik.com\/demo\/wp-json\/wp\/v2\/product"}],"about":[{"href":"https:\/\/atafidancilik.com\/demo\/wp-json\/wp\/v2\/types\/product"}],"version-history":[{"count":0,"href":"https:\/\/atafidancilik.com\/demo\/wp-json\/wp\/v2\/product\/2307\/revisions"}],"wp:featuredmedia":[{"embeddable":true,"href":"https:\/\/atafidancilik.com\/demo\/wp-json\/wp\/v2\/media\/1222"}],"wp:attachment":[{"href":"https:\/\/atafidancilik.com\/demo\/wp-json\/wp\/v2\/media?parent=2307"}],"wp:term":[{"taxonomy":"product_brand","embeddable":true,"href":"https:\/\/atafidancilik.com\/demo\/wp-json\/wp\/v2\/product_brand?post=2307"},{"taxonomy":"product_cat","embeddable":true,"href":"https:\/\/atafidancilik.com\/demo\/wp-json\/wp\/v2\/product_cat?post=2307"},{"taxonomy":"product_tag","embeddable":true,"href":"https:\/\/atafidancilik.com\/demo\/wp-json\/wp\/v2\/product_tag?post=2307"}],"curies":[{"name":"wp","href":"https:\/\/api.w.org\/{rel}","templated":true}]}}