{"id":2308,"date":"2025-09-24T17:21:32","date_gmt":"2025-09-24T14:21:32","guid":{"rendered":"https:\/\/atafidancilik.com\/demo\/?post_type=product&#038;p=2308"},"modified":"2025-09-24T17:21:38","modified_gmt":"2025-09-24T14:21:38","slug":"early-lory","status":"publish","type":"product","link":"https:\/\/atafidancilik.com\/demo\/urun\/early-lory\/","title":{"rendered":"Early Lory"},"content":{"rendered":"","protected":false},"excerpt":{"rendered":"<table style=\"width: 100%;\">\n<tbody>\n<tr>\n<td style=\"width: 20.48%;\"><strong>Men\u015fei:<\/strong><\/td>\n<td style=\"width: 79.36%;\">\u00a0Fransa<\/td>\n<\/tr>\n<tr>\n<td style=\"width: 20.48%;\"><strong>A\u011fa\u00e7 \u00d6zellikleri:<\/strong><\/td>\n<td style=\"width: 79.36%;\">\u00a0Orta kuvvette ve verimli geli\u015fim g\u00f6sterir.<\/td>\n<\/tr>\n<tr>\n<td style=\"width: 20.48%;\"><strong>Meyve \u00d6zellikleri:<\/strong><\/td>\n<td style=\"width: 79.36%;\">\u00a0Orta irilikte, tatl\u0131 ama hafif mayho\u015f, orta sululukta, \u00e7ekirde\u011fe yar\u0131 yap\u0131\u015f\u0131k meyve yap\u0131s\u0131na sahiptir.<\/td>\n<\/tr>\n<tr>\n<td style=\"width: 20.48%;\"><strong>Tozlay\u0131c\u0131lar\u0131: <\/strong><\/td>\n<td style=\"width: 79.36%;\">\u00a0Lory Bloom<\/td>\n<\/tr>\n<tr>\n<td style=\"width: 20.48%;\"><strong>Hasat Zaman\u0131: <\/strong><\/td>\n<td style=\"width: 79.36%;\">\u00a002-07 May\u0131s<\/td>\n<\/tr>\n<tr>\n<td style=\"width: 20.48%;\"><strong>A\u00e7\u0131klama:<\/strong><\/td>\n<td style=\"width: 79.36%;\">\u00a0 Koyu k\u0131rm\u0131z\u0131 renkli, orta dayan\u0131kl\u0131l\u0131kta bir \u00e7e\u015fittir.<\/td>\n<\/tr>\n<\/tbody>\n<\/table>\n","protected":false},"featured_media":1225,"template":"","meta":[],"product_brand":[],"product_cat":[97],"product_tag":[],"class_list":{"0":"post-2308","1":"product","2":"type-product","3":"status-publish","4":"has-post-thumbnail","6":"product_cat-kiraz-fidani","8":"first","9":"instock","10":"shipping-taxable","11":"product-type-simple"},"_links":{"self":[{"href":"https:\/\/atafidancilik.com\/demo\/wp-json\/wp\/v2\/product\/2308","targetHints":{"allow":["GET"]}}],"collection":[{"href":"https:\/\/atafidancilik.com\/demo\/wp-json\/wp\/v2\/product"}],"about":[{"href":"https:\/\/atafidancilik.com\/demo\/wp-json\/wp\/v2\/types\/product"}],"version-history":[{"count":0,"href":"https:\/\/atafidancilik.com\/demo\/wp-json\/wp\/v2\/product\/2308\/revisions"}],"wp:featuredmedia":[{"embeddable":true,"href":"https:\/\/atafidancilik.com\/demo\/wp-json\/wp\/v2\/media\/1225"}],"wp:attachment":[{"href":"https:\/\/atafidancilik.com\/demo\/wp-json\/wp\/v2\/media?parent=2308"}],"wp:term":[{"taxonomy":"product_brand","embeddable":true,"href":"https:\/\/atafidancilik.com\/demo\/wp-json\/wp\/v2\/product_brand?post=2308"},{"taxonomy":"product_cat","embeddable":true,"href":"https:\/\/atafidancilik.com\/demo\/wp-json\/wp\/v2\/product_cat?post=2308"},{"taxonomy":"product_tag","embeddable":true,"href":"https:\/\/atafidancilik.com\/demo\/wp-json\/wp\/v2\/product_tag?post=2308"}],"curies":[{"name":"wp","href":"https:\/\/api.w.org\/{rel}","templated":true}]}}