{"id":2377,"date":"2025-09-24T17:22:05","date_gmt":"2025-09-24T14:22:05","guid":{"rendered":"https:\/\/atafidancilik.com\/demo\/?post_type=product&#038;p=2377"},"modified":"2025-09-24T17:22:14","modified_gmt":"2025-09-24T14:22:14","slug":"lorry-bloom","status":"publish","type":"product","link":"https:\/\/atafidancilik.com\/demo\/urun\/lorry-bloom\/","title":{"rendered":"Lorry Bloom"},"content":{"rendered":"","protected":false},"excerpt":{"rendered":"<table>\n<tbody>\n<tr>\n<td><strong>Men\u015fei:<\/strong><\/td>\n<td>\u00a0Fransa<\/td>\n<\/tr>\n<tr>\n<td><strong>A\u011fa\u00e7 \u00d6zellikleri:<\/strong><\/td>\n<td>\u00a0Orta kuvvette, y\u00fcksek ve yuvarlak yap\u0131da geli\u015fim g\u00f6sterir.<\/td>\n<\/tr>\n<tr>\n<td><strong>Meyve \u00d6zellikleri:<\/strong><\/td>\n<td>\u00a0Orta b\u00fcy\u00fckl\u00fckte, hafif mayho\u015f, lezzetli meyve yap\u0131s\u0131na sahiptir.<\/td>\n<\/tr>\n<tr>\n<td><strong>Tozlay\u0131c\u0131lar\u0131: <\/strong><\/td>\n<td>\u00a0Early Burlat<\/td>\n<\/tr>\n<tr>\n<td><strong>Hasat Zaman\u0131: <\/strong><\/td>\n<td>\u00a025-30 May\u0131s<\/td>\n<\/tr>\n<tr>\n<td><strong>A\u00e7\u0131klama:<\/strong><\/td>\n<td>\u00a0Koyu k\u0131rm\u0131z\u0131 renkli, meyve verimi y\u00fcksek ve s\u00fcrekli bir \u00e7e\u015fittir.<\/td>\n<\/tr>\n<\/tbody>\n<\/table>\n","protected":false},"featured_media":1514,"template":"","meta":[],"product_brand":[],"product_cat":[97],"product_tag":[],"class_list":{"0":"post-2377","1":"product","2":"type-product","3":"status-publish","4":"has-post-thumbnail","6":"product_cat-kiraz-fidani","8":"first","9":"instock","10":"shipping-taxable","11":"product-type-simple"},"_links":{"self":[{"href":"https:\/\/atafidancilik.com\/demo\/wp-json\/wp\/v2\/product\/2377","targetHints":{"allow":["GET"]}}],"collection":[{"href":"https:\/\/atafidancilik.com\/demo\/wp-json\/wp\/v2\/product"}],"about":[{"href":"https:\/\/atafidancilik.com\/demo\/wp-json\/wp\/v2\/types\/product"}],"version-history":[{"count":0,"href":"https:\/\/atafidancilik.com\/demo\/wp-json\/wp\/v2\/product\/2377\/revisions"}],"wp:featuredmedia":[{"embeddable":true,"href":"https:\/\/atafidancilik.com\/demo\/wp-json\/wp\/v2\/media\/1514"}],"wp:attachment":[{"href":"https:\/\/atafidancilik.com\/demo\/wp-json\/wp\/v2\/media?parent=2377"}],"wp:term":[{"taxonomy":"product_brand","embeddable":true,"href":"https:\/\/atafidancilik.com\/demo\/wp-json\/wp\/v2\/product_brand?post=2377"},{"taxonomy":"product_cat","embeddable":true,"href":"https:\/\/atafidancilik.com\/demo\/wp-json\/wp\/v2\/product_cat?post=2377"},{"taxonomy":"product_tag","embeddable":true,"href":"https:\/\/atafidancilik.com\/demo\/wp-json\/wp\/v2\/product_tag?post=2377"}],"curies":[{"name":"wp","href":"https:\/\/api.w.org\/{rel}","templated":true}]}}