{"id":2378,"date":"2025-09-24T17:22:05","date_gmt":"2025-09-24T14:22:05","guid":{"rendered":"https:\/\/atafidancilik.com\/demo\/?post_type=product&#038;p=2378"},"modified":"2025-09-24T17:22:15","modified_gmt":"2025-09-24T14:22:15","slug":"northwonder","status":"publish","type":"product","link":"https:\/\/atafidancilik.com\/demo\/urun\/northwonder\/","title":{"rendered":"Northwonder"},"content":{"rendered":"","protected":false},"excerpt":{"rendered":"<table style=\"width: 100%;\">\n<tbody>\n<tr>\n<td style=\"width: 18.72%;\"><strong>Men\u015fei:<\/strong><\/td>\n<td style=\"width: 81.12%;\">\u00a0ABD<\/td>\n<\/tr>\n<tr>\n<td style=\"width: 18.72%;\"><strong>A\u011fa\u00e7 \u00d6zellikleri:<\/strong><\/td>\n<td style=\"width: 81.12%;\">\u00a0Kuvvetli ve yar\u0131 dik geli\u015fim g\u00f6sterir.<\/td>\n<\/tr>\n<tr>\n<td style=\"width: 18.72%;\"><strong>Meyve \u00d6zellikleri:<\/strong><\/td>\n<td style=\"width: 81.12%;\">\u00a0\u00c7ok iri, tatl\u0131, sulu ve sert meyve yap\u0131s\u0131na sahiptir.<\/td>\n<\/tr>\n<tr>\n<td style=\"width: 18.72%;\"><strong>Tozlay\u0131c\u0131lar\u0131: <\/strong><\/td>\n<td style=\"width: 81.12%;\">\u00a0Starks Gold, Regina, Kordia<\/td>\n<\/tr>\n<tr>\n<td style=\"width: 18.72%;\"><strong>Hasat Zaman\u0131: <\/strong><\/td>\n<td style=\"width: 81.12%;\">\u00a001-11 Haziran<\/td>\n<\/tr>\n<tr>\n<td style=\"width: 18.72%;\"><strong>A\u00e7\u0131klama:<\/strong><\/td>\n<td style=\"width: 81.12%;\">\u00a0\u00c7ok s\u0131k meyve yapar. Meyve tutumu y\u00fcksek oldu\u011fu halde meyve kalitesi d\u00fc\u015fmez. Ziraat 900 yerine ge\u00e7ebilecek tek \u00e7e\u015fittir.<\/td>\n<\/tr>\n<\/tbody>\n<\/table>\n","protected":false},"featured_media":1515,"template":"","meta":[],"product_brand":[],"product_cat":[97],"product_tag":[],"class_list":{"0":"post-2378","1":"product","2":"type-product","3":"status-publish","4":"has-post-thumbnail","6":"product_cat-kiraz-fidani","8":"first","9":"instock","10":"shipping-taxable","11":"product-type-simple"},"_links":{"self":[{"href":"https:\/\/atafidancilik.com\/demo\/wp-json\/wp\/v2\/product\/2378","targetHints":{"allow":["GET"]}}],"collection":[{"href":"https:\/\/atafidancilik.com\/demo\/wp-json\/wp\/v2\/product"}],"about":[{"href":"https:\/\/atafidancilik.com\/demo\/wp-json\/wp\/v2\/types\/product"}],"version-history":[{"count":0,"href":"https:\/\/atafidancilik.com\/demo\/wp-json\/wp\/v2\/product\/2378\/revisions"}],"wp:featuredmedia":[{"embeddable":true,"href":"https:\/\/atafidancilik.com\/demo\/wp-json\/wp\/v2\/media\/1515"}],"wp:attachment":[{"href":"https:\/\/atafidancilik.com\/demo\/wp-json\/wp\/v2\/media?parent=2378"}],"wp:term":[{"taxonomy":"product_brand","embeddable":true,"href":"https:\/\/atafidancilik.com\/demo\/wp-json\/wp\/v2\/product_brand?post=2378"},{"taxonomy":"product_cat","embeddable":true,"href":"https:\/\/atafidancilik.com\/demo\/wp-json\/wp\/v2\/product_cat?post=2378"},{"taxonomy":"product_tag","embeddable":true,"href":"https:\/\/atafidancilik.com\/demo\/wp-json\/wp\/v2\/product_tag?post=2378"}],"curies":[{"name":"wp","href":"https:\/\/api.w.org\/{rel}","templated":true}]}}