{"id":2437,"date":"2025-09-24T17:22:35","date_gmt":"2025-09-24T14:22:35","guid":{"rendered":"https:\/\/atafidancilik.com\/demo\/?post_type=product&#038;p=2437"},"modified":"2025-09-24T17:22:43","modified_gmt":"2025-09-24T14:22:43","slug":"lambert","status":"publish","type":"product","link":"https:\/\/atafidancilik.com\/demo\/urun\/lambert\/","title":{"rendered":"Lambert"},"content":{"rendered":"","protected":false},"excerpt":{"rendered":"<table style=\"border-collapse: collapse; width: 100%;\">\n<tbody>\n<tr>\n<td style=\"width: 100%;\"><strong>Men\u015fei: <\/strong>\u0130ngiltere<\/td>\n<\/tr>\n<\/tbody>\n<\/table>\n<table style=\"border-collapse: collapse; width: 100%;\">\n<tbody>\n<tr>\n<td style=\"width: 100%;\"><strong>A\u011fa\u00e7 \u00d6zellikleri: <\/strong>A\u011fac\u0131 orta kuvvetlidir. Yar\u0131 dik geli\u015fir. \u00c7ok verimlidir. Bir\u00e7ok \u00e7e\u015fide tozlay\u0131c\u0131 olarak kullan\u0131r.<\/td>\n<\/tr>\n<\/tbody>\n<\/table>\n<table style=\"border-collapse: collapse; width: 100%;\">\n<tbody>\n<tr>\n<td style=\"width: 100%;\"><strong>Meyve \u00d6zellikleri: <\/strong>Meyvesi kalp \u015feklinde, \u00e7ok iri, parlak koyu k\u0131rm\u0131z\u0131 renkli, \u00e7ok sert, y\u00fcksek kalitelidir. %18 oran\u0131nda meyve \u00e7atlamas\u0131 yapt\u0131\u011f\u0131ndan dolay\u0131 olgunlu\u011fa yak\u0131n d\u00f6nemde ya\u011f\u0131\u015f olmayan b\u00f6lgelerde \u00f6nerilir. Ortalama 7,6 gram a\u011f\u0131rl\u0131\u011f\u0131ndad\u0131r.<\/td>\n<\/tr>\n<\/tbody>\n<\/table>\n<table style=\"border-collapse: collapse; width: 100%;\">\n<tbody>\n<tr>\n<td style=\"width: 100%;\"><strong>Tozlay\u0131c\u0131lar\u0131: <\/strong>Van, Merton, Merton Late<\/td>\n<\/tr>\n<\/tbody>\n<\/table>\n<table style=\"border-collapse: collapse; width: 100%;\">\n<tbody>\n<tr>\n<td style=\"width: 100%;\"><strong>Hasat Zaman\u0131: <\/strong>16 May\u0131s &#8211; 22 May\u0131s<\/td>\n<\/tr>\n<\/tbody>\n<\/table>\n","protected":false},"featured_media":1799,"template":"","meta":[],"product_brand":[],"product_cat":[97],"product_tag":[],"class_list":{"0":"post-2437","1":"product","2":"type-product","3":"status-publish","4":"has-post-thumbnail","6":"product_cat-kiraz-fidani","8":"first","9":"instock","10":"shipping-taxable","11":"product-type-simple"},"_links":{"self":[{"href":"https:\/\/atafidancilik.com\/demo\/wp-json\/wp\/v2\/product\/2437","targetHints":{"allow":["GET"]}}],"collection":[{"href":"https:\/\/atafidancilik.com\/demo\/wp-json\/wp\/v2\/product"}],"about":[{"href":"https:\/\/atafidancilik.com\/demo\/wp-json\/wp\/v2\/types\/product"}],"version-history":[{"count":0,"href":"https:\/\/atafidancilik.com\/demo\/wp-json\/wp\/v2\/product\/2437\/revisions"}],"wp:featuredmedia":[{"embeddable":true,"href":"https:\/\/atafidancilik.com\/demo\/wp-json\/wp\/v2\/media\/1799"}],"wp:attachment":[{"href":"https:\/\/atafidancilik.com\/demo\/wp-json\/wp\/v2\/media?parent=2437"}],"wp:term":[{"taxonomy":"product_brand","embeddable":true,"href":"https:\/\/atafidancilik.com\/demo\/wp-json\/wp\/v2\/product_brand?post=2437"},{"taxonomy":"product_cat","embeddable":true,"href":"https:\/\/atafidancilik.com\/demo\/wp-json\/wp\/v2\/product_cat?post=2437"},{"taxonomy":"product_tag","embeddable":true,"href":"https:\/\/atafidancilik.com\/demo\/wp-json\/wp\/v2\/product_tag?post=2437"}],"curies":[{"name":"wp","href":"https:\/\/api.w.org\/{rel}","templated":true}]}}