{"id":2438,"date":"2025-09-24T17:22:35","date_gmt":"2025-09-24T14:22:35","guid":{"rendered":"https:\/\/atafidancilik.com\/demo\/?post_type=product&#038;p=2438"},"modified":"2025-09-24T17:22:43","modified_gmt":"2025-09-24T14:22:43","slug":"early-burlat","status":"publish","type":"product","link":"https:\/\/atafidancilik.com\/demo\/urun\/early-burlat\/","title":{"rendered":"Early Burlat"},"content":{"rendered":"","protected":false},"excerpt":{"rendered":"<table style=\"border-collapse: collapse; width: 100%;\">\n<tbody>\n<tr>\n<td style=\"width: 100%;\"><strong><strong>Men\u015fei: <\/strong><\/strong>Fransa<\/td>\n<\/tr>\n<\/tbody>\n<\/table>\n<table style=\"border-collapse: collapse; width: 100%;\">\n<tbody>\n<tr>\n<td style=\"width: 99.84%;\"><strong>A\u011fa\u00e7 \u00d6zellikleri: <\/strong>A\u011fa\u00e7lar\u0131 yar\u0131 dik ve kuvvetli geli\u015fir. Sa\u011fl\u0131kl\u0131 a\u011fa\u00e7lar meydana getirir. Erkenci bir \u00e7e\u015fittir. Her y\u0131l d\u00fczenli ve bol verim sunar. Kendine verimsiz bir \u00e7e\u015fit oldu\u011fundan tozlay\u0131c\u0131 kullanmak gerekir.<\/td>\n<\/tr>\n<\/tbody>\n<\/table>\n<table style=\"border-collapse: collapse; width: 100%;\">\n<tbody>\n<tr>\n<td style=\"width: 100%;\"><strong>Meyve \u00d6zellikleri: <\/strong>\u00c7ok erkenci, meyvesi yuvarlak, yass\u0131, iri, meyve kabu\u011fu parlak koyu k\u0131rm\u0131z\u0131 renktedir. Meyve eti sert, \u00e7ok sulu, ince yap\u0131l\u0131, \u00e7ok kalitelidir. A\u011fa\u00e7lar\u0131 \u00e7ok verimli olup, %25 oran\u0131nda meyve \u00e7atlamas\u0131 yapar. Bu bak\u0131mdan meyvenin olgunlu\u011fa yak\u0131n d\u00f6neminde ya\u011f\u0131\u015f olmayan b\u00f6lgelere \u00f6nerilir. Nakliyeye \u00e7ok dayan\u0131kl\u0131d\u0131r. Ortalama meyve eni 20 mm. uzunlu\u011fu sap hari\u00e7 19 mm. olup yakla\u015f\u0131k 8 gram a\u011f\u0131rl\u0131\u011f\u0131ndad\u0131r.<\/td>\n<\/tr>\n<\/tbody>\n<\/table>\n<table style=\"border-collapse: collapse; width: 100%; height: 24px;\">\n<tbody>\n<tr style=\"height: 24px;\">\n<td style=\"width: 100%; height: 24px;\"><strong>Tozlay\u0131c\u0131lar\u0131: <\/strong>Merton Premier ve Noir de Guben<\/td>\n<\/tr>\n<\/tbody>\n<\/table>\n<table style=\"border-collapse: collapse; width: 100%;\">\n<tbody>\n<tr>\n<td style=\"width: 100%;\"><strong>Hasat Zaman\u0131: <\/strong>09 May\u0131s &#8211; 15 May\u0131s<\/td>\n<\/tr>\n<\/tbody>\n<\/table>\n","protected":false},"featured_media":1801,"template":"","meta":[],"product_brand":[],"product_cat":[97],"product_tag":[],"class_list":{"0":"post-2438","1":"product","2":"type-product","3":"status-publish","4":"has-post-thumbnail","6":"product_cat-kiraz-fidani","8":"first","9":"instock","10":"shipping-taxable","11":"product-type-simple"},"_links":{"self":[{"href":"https:\/\/atafidancilik.com\/demo\/wp-json\/wp\/v2\/product\/2438","targetHints":{"allow":["GET"]}}],"collection":[{"href":"https:\/\/atafidancilik.com\/demo\/wp-json\/wp\/v2\/product"}],"about":[{"href":"https:\/\/atafidancilik.com\/demo\/wp-json\/wp\/v2\/types\/product"}],"version-history":[{"count":0,"href":"https:\/\/atafidancilik.com\/demo\/wp-json\/wp\/v2\/product\/2438\/revisions"}],"wp:featuredmedia":[{"embeddable":true,"href":"https:\/\/atafidancilik.com\/demo\/wp-json\/wp\/v2\/media\/1801"}],"wp:attachment":[{"href":"https:\/\/atafidancilik.com\/demo\/wp-json\/wp\/v2\/media?parent=2438"}],"wp:term":[{"taxonomy":"product_brand","embeddable":true,"href":"https:\/\/atafidancilik.com\/demo\/wp-json\/wp\/v2\/product_brand?post=2438"},{"taxonomy":"product_cat","embeddable":true,"href":"https:\/\/atafidancilik.com\/demo\/wp-json\/wp\/v2\/product_cat?post=2438"},{"taxonomy":"product_tag","embeddable":true,"href":"https:\/\/atafidancilik.com\/demo\/wp-json\/wp\/v2\/product_tag?post=2438"}],"curies":[{"name":"wp","href":"https:\/\/api.w.org\/{rel}","templated":true}]}}