{"id":2440,"date":"2025-09-24T17:22:35","date_gmt":"2025-09-24T14:22:35","guid":{"rendered":"https:\/\/atafidancilik.com\/demo\/?post_type=product&#038;p=2440"},"modified":"2025-09-24T17:22:44","modified_gmt":"2025-09-24T14:22:44","slug":"noble","status":"publish","type":"product","link":"https:\/\/atafidancilik.com\/demo\/urun\/noble\/","title":{"rendered":"Noble"},"content":{"rendered":"","protected":false},"excerpt":{"rendered":"<table style=\"border-collapse: collapse; width: 100%;\">\n<tbody>\n<tr>\n<td style=\"width: 99.84%;\"><strong>Men\u015fei: <\/strong>\u0130ngiltere<\/td>\n<\/tr>\n<\/tbody>\n<\/table>\n<table style=\"border-collapse: collapse; width: 100%;\">\n<tbody>\n<tr>\n<td style=\"width: 99.84%;\"><strong>A\u011fa\u00e7 \u00d6zellikleri: <\/strong>Kuvvetli geli\u015fir ve b\u00fcy\u00fck ta\u00e7 olu\u015fturur<\/td>\n<\/tr>\n<\/tbody>\n<\/table>\n<table style=\"border-collapse: collapse; width: 100%;\">\n<tbody>\n<tr>\n<td style=\"width: 99.84%;\"><strong>Meyve \u00d6zellikleri: <\/strong>Yuvarlak, kalp \u015feklindedir. D\u0131\u015f kabuk koyu k\u0131rm\u0131z\u0131 renktedir. Sap\u0131 orta uzunluktad\u0131r.\u00c7atlamaya hassast\u0131r. Eti sert, sulu, \u00e7ok lezzetlidir.<\/td>\n<\/tr>\n<\/tbody>\n<\/table>\n<table style=\"border-collapse: collapse; width: 100%;\">\n<tbody>\n<tr>\n<td style=\"width: 99.84%;\"><strong>Tozlay\u0131c\u0131lar\u0131<\/strong>: Lambert,<\/td>\n<\/tr>\n<\/tbody>\n<\/table>\n<table style=\"border-collapse: collapse; width: 100%;\">\n<tbody>\n<tr>\n<td style=\"width: 99.84%;\"><strong>Hasat Zaman\u0131:\u00a0<\/strong>20-30 Haziran<\/td>\n<\/tr>\n<\/tbody>\n<\/table>\n","protected":false},"featured_media":1804,"template":"","meta":[],"product_brand":[],"product_cat":[97],"product_tag":[],"class_list":{"0":"post-2440","1":"product","2":"type-product","3":"status-publish","4":"has-post-thumbnail","6":"product_cat-kiraz-fidani","8":"first","9":"instock","10":"shipping-taxable","11":"product-type-simple"},"_links":{"self":[{"href":"https:\/\/atafidancilik.com\/demo\/wp-json\/wp\/v2\/product\/2440","targetHints":{"allow":["GET"]}}],"collection":[{"href":"https:\/\/atafidancilik.com\/demo\/wp-json\/wp\/v2\/product"}],"about":[{"href":"https:\/\/atafidancilik.com\/demo\/wp-json\/wp\/v2\/types\/product"}],"version-history":[{"count":0,"href":"https:\/\/atafidancilik.com\/demo\/wp-json\/wp\/v2\/product\/2440\/revisions"}],"wp:featuredmedia":[{"embeddable":true,"href":"https:\/\/atafidancilik.com\/demo\/wp-json\/wp\/v2\/media\/1804"}],"wp:attachment":[{"href":"https:\/\/atafidancilik.com\/demo\/wp-json\/wp\/v2\/media?parent=2440"}],"wp:term":[{"taxonomy":"product_brand","embeddable":true,"href":"https:\/\/atafidancilik.com\/demo\/wp-json\/wp\/v2\/product_brand?post=2440"},{"taxonomy":"product_cat","embeddable":true,"href":"https:\/\/atafidancilik.com\/demo\/wp-json\/wp\/v2\/product_cat?post=2440"},{"taxonomy":"product_tag","embeddable":true,"href":"https:\/\/atafidancilik.com\/demo\/wp-json\/wp\/v2\/product_tag?post=2440"}],"curies":[{"name":"wp","href":"https:\/\/api.w.org\/{rel}","templated":true}]}}