{"id":2443,"date":"2025-09-24T17:22:35","date_gmt":"2025-09-24T14:22:35","guid":{"rendered":"https:\/\/atafidancilik.com\/demo\/?post_type=product&#038;p=2443"},"modified":"2025-09-24T17:22:45","modified_gmt":"2025-09-24T14:22:45","slug":"vista","status":"publish","type":"product","link":"https:\/\/atafidancilik.com\/demo\/urun\/vista\/","title":{"rendered":"Vista"},"content":{"rendered":"","protected":false},"excerpt":{"rendered":"<table style=\"border-collapse: collapse; width: 100%;\">\n<tbody>\n<tr>\n<td style=\"width: 99.84%;\"><strong>Men\u015fei:<\/strong><\/td>\n<\/tr>\n<\/tbody>\n<\/table>\n<table style=\"border-collapse: collapse; width: 100%;\">\n<tbody>\n<tr>\n<td style=\"width: 99.84%;\"><strong>A\u011fa\u00e7 \u00d6zellikleri: <\/strong>A\u011fa\u00e7lar\u0131 yar\u0131 dik ve kuvvetli geli\u015fir<\/td>\n<\/tr>\n<\/tbody>\n<\/table>\n<table style=\"border-collapse: collapse; width: 100%;\">\n<tbody>\n<tr>\n<td style=\"width: 100%;\"><strong>Meyve \u00d6zellikleri:<\/strong> Meyve eti sar\u0131, sert ve orta kalitededir. Meyve sap\u0131 orta uzunluktad\u0131r ve \u00e7atlama oran\u0131 azd\u0131r.<\/td>\n<\/tr>\n<\/tbody>\n<\/table>\n<table style=\"border-collapse: collapse; width: 100%;\">\n<tbody>\n<tr>\n<td style=\"width: 100%;\"><strong>Tozlay\u0131c\u0131lar\u0131<\/strong>: 0900 Ziraat, Stella<\/td>\n<\/tr>\n<\/tbody>\n<\/table>\n<table style=\"border-collapse: collapse; width: 100%;\">\n<tbody>\n<tr>\n<td style=\"width: 100%;\"><strong>Hasat Zaman\u0131: <\/strong>25-30 May\u0131s<\/td>\n<\/tr>\n<\/tbody>\n<\/table>\n","protected":false},"featured_media":1807,"template":"","meta":[],"product_brand":[],"product_cat":[97],"product_tag":[],"class_list":{"0":"post-2443","1":"product","2":"type-product","3":"status-publish","4":"has-post-thumbnail","6":"product_cat-kiraz-fidani","8":"first","9":"instock","10":"shipping-taxable","11":"product-type-simple"},"_links":{"self":[{"href":"https:\/\/atafidancilik.com\/demo\/wp-json\/wp\/v2\/product\/2443","targetHints":{"allow":["GET"]}}],"collection":[{"href":"https:\/\/atafidancilik.com\/demo\/wp-json\/wp\/v2\/product"}],"about":[{"href":"https:\/\/atafidancilik.com\/demo\/wp-json\/wp\/v2\/types\/product"}],"version-history":[{"count":0,"href":"https:\/\/atafidancilik.com\/demo\/wp-json\/wp\/v2\/product\/2443\/revisions"}],"wp:featuredmedia":[{"embeddable":true,"href":"https:\/\/atafidancilik.com\/demo\/wp-json\/wp\/v2\/media\/1807"}],"wp:attachment":[{"href":"https:\/\/atafidancilik.com\/demo\/wp-json\/wp\/v2\/media?parent=2443"}],"wp:term":[{"taxonomy":"product_brand","embeddable":true,"href":"https:\/\/atafidancilik.com\/demo\/wp-json\/wp\/v2\/product_brand?post=2443"},{"taxonomy":"product_cat","embeddable":true,"href":"https:\/\/atafidancilik.com\/demo\/wp-json\/wp\/v2\/product_cat?post=2443"},{"taxonomy":"product_tag","embeddable":true,"href":"https:\/\/atafidancilik.com\/demo\/wp-json\/wp\/v2\/product_tag?post=2443"}],"curies":[{"name":"wp","href":"https:\/\/api.w.org\/{rel}","templated":true}]}}